{"id":602,"date":"2025-03-26T16:42:50","date_gmt":"2025-03-26T15:42:50","guid":{"rendered":"https:\/\/slategrey-dolphin-621946.hostingersite.com\/?page_id=602"},"modified":"2026-03-20T12:49:54","modified_gmt":"2026-03-20T11:49:54","slug":"imprint","status":"publish","type":"page","link":"https:\/\/en-impedanz.de\/en\/impressum\/","title":{"rendered":"Imprint"},"content":{"rendered":"<div data-elementor-type=\"wp-page\" data-elementor-id=\"602\" class=\"elementor elementor-602\" data-elementor-post-type=\"page\">\n\t\t\t\t<div class=\"elementor-element elementor-element-18be2c8a page-title e-flex e-con-boxed e-con e-parent\" data-id=\"18be2c8a\" data-element_type=\"container\" data-e-type=\"container\" data-settings=\"{&quot;background_background&quot;:&quot;video&quot;,&quot;background_video_link&quot;:&quot;\\\/wp-content\\\/uploads\\\/2026\\\/03\\\/Particle_Wave_4K_Motion_Background_Loop-1.mp4&quot;,&quot;background_play_on_mobile&quot;:&quot;yes&quot;}\">\n\t\t\t\t\t<div class=\"e-con-inner\">\n\t\t<div class=\"elementor-background-video-container\">\n\t\t\t\t\t\t\t<video class=\"elementor-background-video-hosted\" role=\"presentation\" autoplay muted playsinline loop><\/video>\n\t\t\t\t\t<\/div>\t\t<div class=\"elementor-element elementor-element-2dfa61d5 elementor-widget elementor-widget-heading\" data-id=\"2dfa61d5\" data-element_type=\"widget\" data-e-type=\"widget\" data-widget_type=\"heading.default\">\n\t\t\t\t<div class=\"elementor-widget-container\">\n\t\t\t\t\t<h2 class=\"elementor-heading-title elementor-size-default\">Impressum und rechtliche Hinweise<\/h2>\t\t\t\t<\/div>\n\t\t\t\t<\/div>\n\t\t\t\t<div class=\"elementor-element elementor-element-1c235141 elementor-widget elementor-widget-global elementor-global-1440 elementor-widget-text-editor\" data-id=\"1c235141\" data-element_type=\"widget\" data-e-type=\"widget\" data-widget_type=\"text-editor.default\">\n\t\t\t\t<div class=\"elementor-widget-container\">\n\t\t\t\t\t\t\t\t\t<p><nav aria-label=\"breadcrumbs\" class=\"rank-math-breadcrumb\"><p><span class=\"last\">EN-Impedanz<\/span><\/p><\/nav><\/p>\t\t\t\t\t\t\t\t<\/div>\n\t\t\t\t<\/div>\n\t\t\t\t\t<\/div>\n\t\t\t\t<\/div>\n\t\t<div class=\"elementor-element elementor-element-e9bd2d6 e-flex e-con-boxed e-con e-parent\" data-id=\"e9bd2d6\" data-element_type=\"container\" data-e-type=\"container\">\n\t\t\t\t\t<div class=\"e-con-inner\">\n\t\t\t\t<div class=\"elementor-element elementor-element-24ea98f elementor-widget elementor-widget-text-editor\" data-id=\"24ea98f\" data-element_type=\"widget\" data-e-type=\"widget\" data-widget_type=\"text-editor.default\">\n\t\t\t\t<div class=\"elementor-widget-container\">\n\t\t\t\t\t\t\t\t\t<p><strong>EN-Impedanz GmbH<\/strong><br \/>Roehrer Weg 8<br \/>71032 Boeblingen<br \/>Germany<\/p><p><strong>Phone:<\/strong> +49 7031 20907-10<br \/><strong>E-Mail:<\/strong>\u00a0<a href=\"mailto:info@en-impedanz.de\">info@en-impedanz.de<\/a><\/p><p><strong>Represented by:<\/strong><br \/>Managing Director Thomas Wilhelm Walter<\/p><p><strong>Registry entry:<\/strong><br \/>Registered in the Commercial Register (Handelsregister)<br \/>Register court: Amtsgericht Stuttgart, Germany<br \/>Registry number: HRB 776998<\/p><p><strong>Value Added Tax:<\/strong><br \/>Sales tax identification number according to \u00a727a Sales Tax Act (Umsatzsteuergesetz)<br \/>VAT-ID \/ Ust-Id-Nr.: DE340193765<\/p>\t\t\t\t\t\t\t\t<\/div>\n\t\t\t\t<\/div>\n\t\t\t\t\t<\/div>\n\t\t\t\t<\/div>\n\t\t<div class=\"elementor-element elementor-element-2d1ca8d e-flex e-con-boxed e-con e-parent\" data-id=\"2d1ca8d\" data-element_type=\"container\" data-e-type=\"container\" data-settings=\"{&quot;background_background&quot;:&quot;classic&quot;}\">\n\t\t\t\t\t<div class=\"e-con-inner\">\n\t\t\t\t<div class=\"elementor-element elementor-element-dc41b04 elementor-widget elementor-widget-heading\" data-id=\"dc41b04\" data-element_type=\"widget\" data-e-type=\"widget\" data-widget_type=\"heading.default\">\n\t\t\t\t<div class=\"elementor-widget-container\">\n\t\t\t\t\t<h3 class=\"elementor-heading-title elementor-size-default\">Disclaimer - legal information<\/h3>\t\t\t\t<\/div>\n\t\t\t\t<\/div>\n\t\t\t\t<div class=\"elementor-element elementor-element-fde8f14 elementor-widget elementor-widget-heading\" data-id=\"fde8f14\" data-element_type=\"widget\" data-e-type=\"widget\" data-widget_type=\"heading.default\">\n\t\t\t\t<div class=\"elementor-widget-container\">\n\t\t\t\t\t<h5 class=\"elementor-heading-title elementor-size-default\">1 Warning on content<\/h5>\t\t\t\t<\/div>\n\t\t\t\t<\/div>\n\t\t\t\t<div class=\"elementor-element elementor-element-b52df7d elementor-widget elementor-widget-text-editor\" data-id=\"b52df7d\" data-element_type=\"widget\" data-e-type=\"widget\" data-widget_type=\"text-editor.default\">\n\t\t\t\t<div class=\"elementor-widget-container\">\n\t\t\t\t\t\t\t\t\t<p>The free and freely accessible content of this website has been created with the greatest possible care. However, the provider of this website accepts no liability for the accuracy and currency of the free and freely accessible journalistic guides and news provided. Contributions identified by name reflect the opinion of the respective author and not always the opinion of the provider. No contractual relationship is established between the user and the provider simply by accessing the free and freely accessible content; in this respect, the provider's intention to be legally bound is lacking.<\/p>\t\t\t\t\t\t\t\t<\/div>\n\t\t\t\t<\/div>\n\t\t\t\t<div class=\"elementor-element elementor-element-db6dbf5 elementor-widget elementor-widget-heading\" data-id=\"db6dbf5\" data-element_type=\"widget\" data-e-type=\"widget\" data-widget_type=\"heading.default\">\n\t\t\t\t<div class=\"elementor-widget-container\">\n\t\t\t\t\t<h5 class=\"elementor-heading-title elementor-size-default\">2 External links<\/h5>\t\t\t\t<\/div>\n\t\t\t\t<\/div>\n\t\t\t\t<div class=\"elementor-element elementor-element-dabeeb9 elementor-widget elementor-widget-text-editor\" data-id=\"dabeeb9\" data-element_type=\"widget\" data-e-type=\"widget\" data-widget_type=\"text-editor.default\">\n\t\t\t\t<div class=\"elementor-widget-container\">\n\t\t\t\t\t\t\t\t\t<p>This website contains links to third-party websites (\u201cexternal links\u201d). These websites are subject to the liability of the respective operators. When the external links were first created, the provider checked the third-party content for any legal violations. No legal violations were apparent at that time. The provider has no influence whatsoever on the current and future design and content of the linked pages. The inclusion of external links does not mean that the provider adopts the content behind the reference or link as its own. It is not reasonable for the provider to constantly monitor external links without concrete evidence of legal violations. However, such external links will be deleted immediately if we become aware of any legal violations.<\/p>\t\t\t\t\t\t\t\t<\/div>\n\t\t\t\t<\/div>\n\t\t\t\t<div class=\"elementor-element elementor-element-66e77c5 elementor-widget elementor-widget-heading\" data-id=\"66e77c5\" data-element_type=\"widget\" data-e-type=\"widget\" data-widget_type=\"heading.default\">\n\t\t\t\t<div class=\"elementor-widget-container\">\n\t\t\t\t\t<h5 class=\"elementor-heading-title elementor-size-default\">3 Copyrights and intellectual property rights<\/h5>\t\t\t\t<\/div>\n\t\t\t\t<\/div>\n\t\t\t\t<div class=\"elementor-element elementor-element-472fda3 elementor-widget elementor-widget-text-editor\" data-id=\"472fda3\" data-element_type=\"widget\" data-e-type=\"widget\" data-widget_type=\"text-editor.default\">\n\t\t\t\t<div class=\"elementor-widget-container\">\n\t\t\t\t\t\t\t\t\t<p>The content published on this website is subject to German copyright and ancillary copyright law. Any use not permitted by German copyright and ancillary copyright law requires the prior written consent of the provider or respective rights holder. This applies in particular to the duplication, editing, translation, storage, processing or reproduction of content in databases or other electronic media and systems. Third-party content and rights are identified as such. The unauthorized reproduction or distribution of individual contents or complete pages is not permitted and is punishable by law. Only the production of copies and downloads for personal, private and non-commercial use is permitted.<\/p><p>The presentation of this website in external frames is only permitted with written permission.<\/p>\t\t\t\t\t\t\t\t<\/div>\n\t\t\t\t<\/div>\n\t\t\t\t<div class=\"elementor-element elementor-element-1447323 elementor-widget elementor-widget-heading\" data-id=\"1447323\" data-element_type=\"widget\" data-e-type=\"widget\" data-widget_type=\"heading.default\">\n\t\t\t\t<div class=\"elementor-widget-container\">\n\t\t\t\t\t<h5 class=\"elementor-heading-title elementor-size-default\">4 Special terms of use<\/h5>\t\t\t\t<\/div>\n\t\t\t\t<\/div>\n\t\t\t\t<div class=\"elementor-element elementor-element-0d2cebe elementor-widget elementor-widget-text-editor\" data-id=\"0d2cebe\" data-element_type=\"widget\" data-e-type=\"widget\" data-widget_type=\"text-editor.default\">\n\t\t\t\t<div class=\"elementor-widget-container\">\n\t\t\t\t\t\t\t\t\t<p>Where special conditions for individual uses of this website deviate from the aforementioned paragraphs, this will be expressly indicated at the appropriate point. In this case, the special terms of use apply in each individual case.<\/p>\t\t\t\t\t\t\t\t<\/div>\n\t\t\t\t<\/div>\n\t\t\t\t\t<\/div>\n\t\t\t\t<\/div>\n\t\t\t\t<\/div>","protected":false},"excerpt":{"rendered":"<p>Impressum und rechtliche Hinweise EN-Impedanz GmbHR\u00f6hrer Weg 871032 B\u00f6blingenDeutschland Telefon: +49 7031 20907-10E-Mail:\u00a0info@en-impedanz.de Vertreten durch:Gesch\u00e4ftsf\u00fchrer Thomas Wilhelm Walter Registereintrag:Eingetragen im Handelsregister.Registergericht: Amtsgericht StuttgartRegisternummer: HRB 776998 Umsatzsteuer:Umsatzsteuer-Identifikationsnummer nach \u00a727a UmsatzsteuergesetzUst-Id-Nr.: DE340193765 Disclaimer \u2013 rechtliche Hinweise 1. Warnhinweis zu Inhalten Die kostenlosen und frei zug\u00e4nglichen Inhalte dieser Webseite wurden mit gr\u00f6\u00dftm\u00f6glicher Sorgfalt erstellt. Der Anbieter dieser Webseite [&hellip;]<\/p>\n","protected":false},"author":2,"featured_media":0,"parent":0,"menu_order":0,"comment_status":"closed","ping_status":"closed","template":"","meta":{"footnotes":""},"class_list":["post-602","page","type-page","status-publish","hentry"],"_links":{"self":[{"href":"https:\/\/en-impedanz.de\/en\/wp-json\/wp\/v2\/pages\/602","targetHints":{"allow":["GET"]}}],"collection":[{"href":"https:\/\/en-impedanz.de\/en\/wp-json\/wp\/v2\/pages"}],"about":[{"href":"https:\/\/en-impedanz.de\/en\/wp-json\/wp\/v2\/types\/page"}],"author":[{"embeddable":true,"href":"https:\/\/en-impedanz.de\/en\/wp-json\/wp\/v2\/users\/2"}],"replies":[{"embeddable":true,"href":"https:\/\/en-impedanz.de\/en\/wp-json\/wp\/v2\/comments?post=602"}],"version-history":[{"count":77,"href":"https:\/\/en-impedanz.de\/en\/wp-json\/wp\/v2\/pages\/602\/revisions"}],"predecessor-version":[{"id":3889,"href":"https:\/\/en-impedanz.de\/en\/wp-json\/wp\/v2\/pages\/602\/revisions\/3889"}],"wp:attachment":[{"href":"https:\/\/en-impedanz.de\/en\/wp-json\/wp\/v2\/media?parent=602"}],"curies":[{"name":"wp","href":"https:\/\/api.w.org\/{rel}","templated":true}]}}